{"id":778,"date":"2020-03-20T23:38:01","date_gmt":"2020-03-20T23:38:01","guid":{"rendered":"https:\/\/mycnac.ca\/?page_id=778"},"modified":"2021-08-11T15:11:07","modified_gmt":"2021-08-11T15:11:07","slug":"covid-19","status":"publish","type":"page","link":"https:\/\/mycnac.ca\/fr\/about-cnac\/position-statements\/covid-19\/","title":{"rendered":"COVID-19"},"content":{"rendered":"<div data-elementor-type=\"wp-page\" data-elementor-id=\"778\" class=\"elementor elementor-778\" data-elementor-post-type=\"page\">\n\t\t\t\t\t\t<section class=\"elementor-section elementor-top-section elementor-element elementor-element-3bd5082a elementor-section-stretched elementor-section-full_width elementor-section-height-min-height elementor-section-height-default elementor-section-items-middle\" data-id=\"3bd5082a\" data-element_type=\"section\" data-e-type=\"section\" data-settings=\"{&quot;background_background&quot;:&quot;classic&quot;,&quot;shape_divider_bottom&quot;:&quot;mountains&quot;,&quot;stretch_section&quot;:&quot;section-stretched&quot;}\">\n\t\t\t\t\t\t\t<div class=\"elementor-background-overlay\"><\/div>\n\t\t\t\t\t\t<div class=\"elementor-shape elementor-shape-bottom\" aria-hidden=\"true\" data-negative=\"false\">\n\t\t\t<svg xmlns=\"http:\/\/www.w3.org\/2000\/svg\" viewbox=\"0 0 1000 100\" preserveaspectratio=\"none\">\n\t<path class=\"elementor-shape-fill\" opacity=\"0.33\" d=\"M473,67.3c-203.9,88.3-263.1-34-320.3,0C66,119.1,0,59.7,0,59.7V0h1000v59.7 c0,0-62.1,26.1-94.9,29.3c-32.8,3.3-62.8-12.3-75.8-22.1C806,49.6,745.3,8.7,694.9,4.7S492.4,59,473,67.3z\"\/>\n\t<path class=\"elementor-shape-fill\" opacity=\"0.66\" d=\"M734,67.3c-45.5,0-77.2-23.2-129.1-39.1c-28.6-8.7-150.3-10.1-254,39.1 s-91.7-34.4-149.2,0C115.7,118.3,0,39.8,0,39.8V0h1000v36.5c0,0-28.2-18.5-92.1-18.5C810.2,18.1,775.7,67.3,734,67.3z\"\/>\n\t<path class=\"elementor-shape-fill\" d=\"M766.1,28.9c-200-57.5-266,65.5-395.1,19.5C242,1.8,242,5.4,184.8,20.6C128,35.8,132.3,44.9,89.9,52.5C28.6,63.7,0,0,0,0 h1000c0,0-9.9,40.9-83.6,48.1S829.6,47,766.1,28.9z\"\/>\n<\/svg>\t\t<\/div>\n\t\t\t\t\t<div class=\"elementor-container elementor-column-gap-default\">\n\t\t\t\t\t<div class=\"elementor-column elementor-col-100 elementor-top-column elementor-element elementor-element-6a20f445\" data-id=\"6a20f445\" data-element_type=\"column\" data-e-type=\"column\">\n\t\t\t<div class=\"elementor-widget-wrap elementor-element-populated\">\n\t\t\t\t\t\t<div class=\"elementor-element elementor-element-6b6fc529 elementor-widget elementor-widget-heading\" data-id=\"6b6fc529\" data-element_type=\"widget\" data-e-type=\"widget\" data-widget_type=\"heading.default\">\n\t\t\t\t<div class=\"elementor-widget-container\">\n\t\t\t\t\t<h1 class=\"elementor-heading-title elementor-size-default\">COVID-19 Pandemic<\/h1>\t\t\t\t<\/div>\n\t\t\t\t<\/div>\n\t\t\t\t<div class=\"elementor-element elementor-element-71020fa9 elementor-widget elementor-widget-heading\" data-id=\"71020fa9\" data-element_type=\"widget\" data-e-type=\"widget\" data-widget_type=\"heading.default\">\n\t\t\t\t<div class=\"elementor-widget-container\">\n\t\t\t\t\t<h1 class=\"elementor-heading-title elementor-size-default\">Supporting Chiropractors &amp; Their Communities<\/h1>\t\t\t\t<\/div>\n\t\t\t\t<\/div>\n\t\t\t\t\t<\/div>\n\t\t<\/div>\n\t\t\t\t\t<\/div>\n\t\t<\/section>\n\t\t\t\t<section class=\"elementor-section elementor-top-section elementor-element elementor-element-2aa447c3 elementor-section-boxed elementor-section-height-default elementor-section-height-default\" data-id=\"2aa447c3\" data-element_type=\"section\" data-e-type=\"section\">\n\t\t\t\t\t\t<div class=\"elementor-container elementor-column-gap-default\">\n\t\t\t\t\t<div class=\"elementor-column elementor-col-100 elementor-top-column elementor-element elementor-element-4685f4c2\" data-id=\"4685f4c2\" data-element_type=\"column\" data-e-type=\"column\">\n\t\t\t<div class=\"elementor-widget-wrap elementor-element-populated\">\n\t\t\t\t\t\t<div class=\"elementor-element elementor-element-193b2a88 elementor-widget elementor-widget-image\" data-id=\"193b2a88\" data-element_type=\"widget\" data-e-type=\"widget\" data-widget_type=\"image.default\">\n\t\t\t\t<div class=\"elementor-widget-container\">\n\t\t\t\t\t\t\t\t\t\t\t\t\t\t\t<img loading=\"lazy\" decoding=\"async\" width=\"300\" height=\"180\" src=\"https:\/\/mycnac.ca\/wp-content\/uploads\/2019\/08\/CNAC-Triangles-300x180.png\" class=\"attachment-medium size-medium wp-image-53\" alt=\"\" srcset=\"https:\/\/mycnac.ca\/wp-content\/uploads\/2019\/08\/CNAC-Triangles-300x180.png 300w, https:\/\/mycnac.ca\/wp-content\/uploads\/2019\/08\/CNAC-Triangles.png 500w\" sizes=\"auto, (max-width: 300px) 100vw, 300px\" \/>\t\t\t\t\t\t\t\t\t\t\t\t\t\t\t<\/div>\n\t\t\t\t<\/div>\n\t\t\t\t<div class=\"elementor-element elementor-element-4e23b01d elementor-widget elementor-widget-heading\" data-id=\"4e23b01d\" data-element_type=\"widget\" data-e-type=\"widget\" data-widget_type=\"heading.default\">\n\t\t\t\t<div class=\"elementor-widget-container\">\n\t\t\t\t\t<h2 class=\"elementor-heading-title elementor-size-default\">Pand\u00e9mie de COVID-19<\/h2>\t\t\t\t<\/div>\n\t\t\t\t<\/div>\n\t\t\t\t<div class=\"elementor-element elementor-element-3720ede2 elementor-widget elementor-widget-text-editor\" data-id=\"3720ede2\" data-element_type=\"widget\" data-e-type=\"widget\" data-widget_type=\"text-editor.default\">\n\t\t\t\t<div class=\"elementor-widget-container\">\n\t\t\t\t\t\t\t\t\t<p>L\u2019Alliance nationale canadienne pour la chiropratique reconna\u00eet le r\u00f4le important des chiropraticiens dans le syst\u00e8me de sant\u00e9. Surtout en p\u00e9riode de crise, comme \u00e0 l\u2019occasion de la pand\u00e9mie de COVID-19 actuelle, la disponibilit\u00e9 durable des services chiropratiques offrent un service pr\u00e9cieux tout en all\u00e9geant le fardeau du syst\u00e8me m\u00e9dical.<\/p><p>L\u2019ANCC appuie les chiropraticiens du Canada en prenant des d\u00e9cisions \u00e9clair\u00e9es concernant l\u2019exploitation de leur cabinet tout en s\u2019assurant qu\u2019ils respectent les directives des autorit\u00e9s de sant\u00e9 provinciales et les exigences des organismes provinciaux de r\u00e8glementation.\u00a0<\/p>\t\t\t\t\t\t\t\t<\/div>\n\t\t\t\t<\/div>\n\t\t\t\t\t<\/div>\n\t\t<\/div>\n\t\t\t\t\t<\/div>\n\t\t<\/section>\n\t\t\t\t<section class=\"elementor-section elementor-top-section elementor-element elementor-element-87fac9f elementor-section-boxed elementor-section-height-default elementor-section-height-default\" data-id=\"87fac9f\" data-element_type=\"section\" data-e-type=\"section\">\n\t\t\t\t\t\t<div class=\"elementor-container elementor-column-gap-default\">\n\t\t\t\t\t<div class=\"elementor-column elementor-col-100 elementor-top-column elementor-element elementor-element-9605165\" data-id=\"9605165\" data-element_type=\"column\" data-e-type=\"column\">\n\t\t\t<div class=\"elementor-widget-wrap elementor-element-populated\">\n\t\t\t\t\t\t<div class=\"elementor-element elementor-element-02a6582 elementor-widget elementor-widget-spacer\" data-id=\"02a6582\" data-element_type=\"widget\" data-e-type=\"widget\" data-widget_type=\"spacer.default\">\n\t\t\t\t<div class=\"elementor-widget-container\">\n\t\t\t\t\t\t\t<div class=\"elementor-spacer\">\n\t\t\t<div class=\"elementor-spacer-inner\"><\/div>\n\t\t<\/div>\n\t\t\t\t\t\t<\/div>\n\t\t\t\t<\/div>\n\t\t\t\t\t<\/div>\n\t\t<\/div>\n\t\t\t\t\t<\/div>\n\t\t<\/section>\n\t\t\t\t<\/div>","protected":false},"excerpt":{"rendered":"<p>COVID-19 Pandemic Supporting Chiropractors &amp; Their Communities COVID-19 Global Pandemic The Canadian National Alliance for Chiropractic recognizes the significant role chiropractors play in the health care system.\u00a0 Especially during times of duress, such as the current COVID-19 pandemic, the continued availability of chiropractic services provide a valuable service while decreasing the burden on the existing [&hellip;]<\/p>\n","protected":false},"author":196,"featured_media":0,"parent":121,"menu_order":0,"comment_status":"closed","ping_status":"closed","template":"","meta":{"nf_dc_page":"","site-sidebar-layout":"no-sidebar","site-content-layout":"page-builder","ast-site-content-layout":"default","site-content-style":"default","site-sidebar-style":"default","ast-global-header-display":"","ast-banner-title-visibility":"","ast-main-header-display":"","ast-hfb-above-header-display":"","ast-hfb-below-header-display":"","ast-hfb-mobile-header-display":"","site-post-title":"disabled","ast-breadcrumbs-content":"","ast-featured-img":"disabled","footer-sml-layout":"","ast-disable-related-posts":"","theme-transparent-header-meta":"default","adv-header-id-meta":"","stick-header-meta":"","header-above-stick-meta":"","header-main-stick-meta":"","header-below-stick-meta":"","astra-migrate-meta-layouts":"default","ast-page-background-enabled":"default","ast-page-background-meta":{"desktop":{"background-color":"","background-image":"","background-repeat":"repeat","background-position":"center center","background-size":"auto","background-attachment":"scroll","background-type":"","background-media":"","overlay-type":"","overlay-color":"","overlay-opacity":"","overlay-gradient":""},"tablet":{"background-color":"","background-image":"","background-repeat":"repeat","background-position":"center center","background-size":"auto","background-attachment":"scroll","background-type":"","background-media":"","overlay-type":"","overlay-color":"","overlay-opacity":"","overlay-gradient":""},"mobile":{"background-color":"","background-image":"","background-repeat":"repeat","background-position":"center center","background-size":"auto","background-attachment":"scroll","background-type":"","background-media":"","overlay-type":"","overlay-color":"","overlay-opacity":"","overlay-gradient":""}},"ast-content-background-meta":{"desktop":{"background-color":"var(--ast-global-color-5)","background-image":"","background-repeat":"repeat","background-position":"center center","background-size":"auto","background-attachment":"scroll","background-type":"","background-media":"","overlay-type":"","overlay-color":"","overlay-opacity":"","overlay-gradient":""},"tablet":{"background-color":"var(--ast-global-color-5)","background-image":"","background-repeat":"repeat","background-position":"center center","background-size":"auto","background-attachment":"scroll","background-type":"","background-media":"","overlay-type":"","overlay-color":"","overlay-opacity":"","overlay-gradient":""},"mobile":{"background-color":"var(--ast-global-color-5)","background-image":"","background-repeat":"repeat","background-position":"center center","background-size":"auto","background-attachment":"scroll","background-type":"","background-media":"","overlay-type":"","overlay-color":"","overlay-opacity":"","overlay-gradient":""}},"footnotes":""},"class_list":["post-778","page","type-page","status-publish","hentry"],"yoast_head":"<!-- This site is optimized with the Yoast SEO plugin v27.3 - https:\/\/yoast.com\/product\/yoast-seo-wordpress\/ -->\n<title>COVID-19 - Canadian National Alliance for Chiropractic<\/title>\n<meta name=\"robots\" content=\"index, follow, max-snippet:-1, max-image-preview:large, max-video-preview:-1\" \/>\n<link rel=\"canonical\" href=\"https:\/\/mycnac.ca\/fr\/about-cnac\/position-statements\/covid-19\/\" \/>\n<meta property=\"og:locale\" content=\"fr_CA\" \/>\n<meta property=\"og:type\" content=\"article\" \/>\n<meta property=\"og:title\" content=\"COVID-19 - Canadian National Alliance for Chiropractic\" \/>\n<meta property=\"og:description\" content=\"COVID-19 Pandemic Supporting Chiropractors &amp; Their Communities COVID-19 Global Pandemic The Canadian National Alliance for Chiropractic recognizes the significant role chiropractors play in the health care system.\u00a0 Especially during times of duress, such as the current COVID-19 pandemic, the continued availability of chiropractic services provide a valuable service while decreasing the burden on the existing [&hellip;]\" \/>\n<meta property=\"og:url\" content=\"https:\/\/mycnac.ca\/fr\/about-cnac\/position-statements\/covid-19\/\" \/>\n<meta property=\"og:site_name\" content=\"Canadian National Alliance for Chiropractic\" \/>\n<meta property=\"article:modified_time\" content=\"2021-08-11T15:11:07+00:00\" \/>\n<meta property=\"og:image\" content=\"https:\/\/mycnac.ca\/wp-content\/uploads\/2019\/08\/CNAC-Triangles-300x180.png\" \/>\n<meta name=\"twitter:card\" content=\"summary_large_image\" \/>\n<script type=\"application\/ld+json\" class=\"yoast-schema-graph\">{\"@context\":\"https:\\\/\\\/schema.org\",\"@graph\":[{\"@type\":\"WebPage\",\"@id\":\"https:\\\/\\\/mycnac.ca\\\/en\\\/about-cnac\\\/position-statements\\\/covid-19\\\/\",\"url\":\"https:\\\/\\\/mycnac.ca\\\/en\\\/about-cnac\\\/position-statements\\\/covid-19\\\/\",\"name\":\"COVID-19 - Canadian National Alliance for Chiropractic\",\"isPartOf\":{\"@id\":\"https:\\\/\\\/mycnac.ca\\\/en\\\/#website\"},\"primaryImageOfPage\":{\"@id\":\"https:\\\/\\\/mycnac.ca\\\/en\\\/about-cnac\\\/position-statements\\\/covid-19\\\/#primaryimage\"},\"image\":{\"@id\":\"https:\\\/\\\/mycnac.ca\\\/en\\\/about-cnac\\\/position-statements\\\/covid-19\\\/#primaryimage\"},\"thumbnailUrl\":\"https:\\\/\\\/mycnac.ca\\\/wp-content\\\/uploads\\\/2019\\\/08\\\/CNAC-Triangles-300x180.png\",\"datePublished\":\"2020-03-20T23:38:01+00:00\",\"dateModified\":\"2021-08-11T15:11:07+00:00\",\"breadcrumb\":{\"@id\":\"https:\\\/\\\/mycnac.ca\\\/en\\\/about-cnac\\\/position-statements\\\/covid-19\\\/#breadcrumb\"},\"inLanguage\":\"fr-CA\",\"potentialAction\":[{\"@type\":\"ReadAction\",\"target\":[\"https:\\\/\\\/mycnac.ca\\\/en\\\/about-cnac\\\/position-statements\\\/covid-19\\\/\"]}]},{\"@type\":\"ImageObject\",\"inLanguage\":\"fr-CA\",\"@id\":\"https:\\\/\\\/mycnac.ca\\\/en\\\/about-cnac\\\/position-statements\\\/covid-19\\\/#primaryimage\",\"url\":\"https:\\\/\\\/mycnac.ca\\\/wp-content\\\/uploads\\\/2019\\\/08\\\/CNAC-Triangles-300x180.png\",\"contentUrl\":\"https:\\\/\\\/mycnac.ca\\\/wp-content\\\/uploads\\\/2019\\\/08\\\/CNAC-Triangles-300x180.png\"},{\"@type\":\"BreadcrumbList\",\"@id\":\"https:\\\/\\\/mycnac.ca\\\/en\\\/about-cnac\\\/position-statements\\\/covid-19\\\/#breadcrumb\",\"itemListElement\":[{\"@type\":\"ListItem\",\"position\":1,\"name\":\"Home\",\"item\":\"https:\\\/\\\/mycnac.ca\\\/\"},{\"@type\":\"ListItem\",\"position\":2,\"name\":\"About CNAC\",\"item\":\"https:\\\/\\\/mycnac.ca\\\/en\\\/about-cnac\\\/\"},{\"@type\":\"ListItem\",\"position\":3,\"name\":\"Position Statements\",\"item\":\"https:\\\/\\\/mycnac.ca\\\/en\\\/about-cnac\\\/position-statements\\\/\"},{\"@type\":\"ListItem\",\"position\":4,\"name\":\"COVID-19\"}]},{\"@type\":\"WebSite\",\"@id\":\"https:\\\/\\\/mycnac.ca\\\/en\\\/#website\",\"url\":\"https:\\\/\\\/mycnac.ca\\\/en\\\/\",\"name\":\"Canadian National Alliance for Chiropractic\",\"description\":\"\",\"publisher\":{\"@id\":\"https:\\\/\\\/mycnac.ca\\\/en\\\/#organization\"},\"potentialAction\":[{\"@type\":\"SearchAction\",\"target\":{\"@type\":\"EntryPoint\",\"urlTemplate\":\"https:\\\/\\\/mycnac.ca\\\/en\\\/?s={search_term_string}\"},\"query-input\":{\"@type\":\"PropertyValueSpecification\",\"valueRequired\":true,\"valueName\":\"search_term_string\"}}],\"inLanguage\":\"fr-CA\"},{\"@type\":\"Organization\",\"@id\":\"https:\\\/\\\/mycnac.ca\\\/en\\\/#organization\",\"name\":\"Canadian National Alliance for Chiropractic\",\"url\":\"https:\\\/\\\/mycnac.ca\\\/en\\\/\",\"logo\":{\"@type\":\"ImageObject\",\"inLanguage\":\"fr-CA\",\"@id\":\"https:\\\/\\\/mycnac.ca\\\/en\\\/#\\\/schema\\\/logo\\\/image\\\/\",\"url\":\"https:\\\/\\\/mycnac.ca\\\/wp-content\\\/uploads\\\/2019\\\/10\\\/CNAC_Logo-Horizontal_Colour_web.jpg\",\"contentUrl\":\"https:\\\/\\\/mycnac.ca\\\/wp-content\\\/uploads\\\/2019\\\/10\\\/CNAC_Logo-Horizontal_Colour_web.jpg\",\"width\":500,\"height\":118,\"caption\":\"Canadian National Alliance for Chiropractic\"},\"image\":{\"@id\":\"https:\\\/\\\/mycnac.ca\\\/en\\\/#\\\/schema\\\/logo\\\/image\\\/\"}}]}<\/script>\n<!-- \/ Yoast SEO plugin. -->","yoast_head_json":{"title":"COVID-19 - Canadian National Alliance for Chiropractic","robots":{"index":"index","follow":"follow","max-snippet":"max-snippet:-1","max-image-preview":"max-image-preview:large","max-video-preview":"max-video-preview:-1"},"canonical":"https:\/\/mycnac.ca\/fr\/about-cnac\/position-statements\/covid-19\/","og_locale":"fr_CA","og_type":"article","og_title":"COVID-19 - Canadian National Alliance for Chiropractic","og_description":"COVID-19 Pandemic Supporting Chiropractors &amp; Their Communities COVID-19 Global Pandemic The Canadian National Alliance for Chiropractic recognizes the significant role chiropractors play in the health care system.\u00a0 Especially during times of duress, such as the current COVID-19 pandemic, the continued availability of chiropractic services provide a valuable service while decreasing the burden on the existing [&hellip;]","og_url":"https:\/\/mycnac.ca\/fr\/about-cnac\/position-statements\/covid-19\/","og_site_name":"Canadian National Alliance for Chiropractic","article_modified_time":"2021-08-11T15:11:07+00:00","og_image":[{"url":"https:\/\/mycnac.ca\/wp-content\/uploads\/2019\/08\/CNAC-Triangles-300x180.png","type":"","width":"","height":""}],"twitter_card":"summary_large_image","schema":{"@context":"https:\/\/schema.org","@graph":[{"@type":"WebPage","@id":"https:\/\/mycnac.ca\/en\/about-cnac\/position-statements\/covid-19\/","url":"https:\/\/mycnac.ca\/en\/about-cnac\/position-statements\/covid-19\/","name":"COVID-19 - Canadian National Alliance for Chiropractic","isPartOf":{"@id":"https:\/\/mycnac.ca\/en\/#website"},"primaryImageOfPage":{"@id":"https:\/\/mycnac.ca\/en\/about-cnac\/position-statements\/covid-19\/#primaryimage"},"image":{"@id":"https:\/\/mycnac.ca\/en\/about-cnac\/position-statements\/covid-19\/#primaryimage"},"thumbnailUrl":"https:\/\/mycnac.ca\/wp-content\/uploads\/2019\/08\/CNAC-Triangles-300x180.png","datePublished":"2020-03-20T23:38:01+00:00","dateModified":"2021-08-11T15:11:07+00:00","breadcrumb":{"@id":"https:\/\/mycnac.ca\/en\/about-cnac\/position-statements\/covid-19\/#breadcrumb"},"inLanguage":"fr-CA","potentialAction":[{"@type":"ReadAction","target":["https:\/\/mycnac.ca\/en\/about-cnac\/position-statements\/covid-19\/"]}]},{"@type":"ImageObject","inLanguage":"fr-CA","@id":"https:\/\/mycnac.ca\/en\/about-cnac\/position-statements\/covid-19\/#primaryimage","url":"https:\/\/mycnac.ca\/wp-content\/uploads\/2019\/08\/CNAC-Triangles-300x180.png","contentUrl":"https:\/\/mycnac.ca\/wp-content\/uploads\/2019\/08\/CNAC-Triangles-300x180.png"},{"@type":"BreadcrumbList","@id":"https:\/\/mycnac.ca\/en\/about-cnac\/position-statements\/covid-19\/#breadcrumb","itemListElement":[{"@type":"ListItem","position":1,"name":"Home","item":"https:\/\/mycnac.ca\/"},{"@type":"ListItem","position":2,"name":"About CNAC","item":"https:\/\/mycnac.ca\/en\/about-cnac\/"},{"@type":"ListItem","position":3,"name":"Position Statements","item":"https:\/\/mycnac.ca\/en\/about-cnac\/position-statements\/"},{"@type":"ListItem","position":4,"name":"COVID-19"}]},{"@type":"WebSite","@id":"https:\/\/mycnac.ca\/en\/#website","url":"https:\/\/mycnac.ca\/en\/","name":"l'Alliance nationale canadienne pour la chiropratique","description":"","publisher":{"@id":"https:\/\/mycnac.ca\/en\/#organization"},"potentialAction":[{"@type":"SearchAction","target":{"@type":"EntryPoint","urlTemplate":"https:\/\/mycnac.ca\/en\/?s={search_term_string}"},"query-input":{"@type":"PropertyValueSpecification","valueRequired":true,"valueName":"search_term_string"}}],"inLanguage":"fr-CA"},{"@type":"Organization","@id":"https:\/\/mycnac.ca\/en\/#organization","name":"l'Alliance nationale canadienne pour la chiropratique","url":"https:\/\/mycnac.ca\/en\/","logo":{"@type":"ImageObject","inLanguage":"fr-CA","@id":"https:\/\/mycnac.ca\/en\/#\/schema\/logo\/image\/","url":"https:\/\/mycnac.ca\/wp-content\/uploads\/2019\/10\/CNAC_Logo-Horizontal_Colour_web.jpg","contentUrl":"https:\/\/mycnac.ca\/wp-content\/uploads\/2019\/10\/CNAC_Logo-Horizontal_Colour_web.jpg","width":500,"height":118,"caption":"Canadian National Alliance for Chiropractic"},"image":{"@id":"https:\/\/mycnac.ca\/en\/#\/schema\/logo\/image\/"}}]}},"_links":{"self":[{"href":"https:\/\/mycnac.ca\/fr\/wp-json\/wp\/v2\/pages\/778","targetHints":{"allow":["GET"]}}],"collection":[{"href":"https:\/\/mycnac.ca\/fr\/wp-json\/wp\/v2\/pages"}],"about":[{"href":"https:\/\/mycnac.ca\/fr\/wp-json\/wp\/v2\/types\/page"}],"author":[{"embeddable":true,"href":"https:\/\/mycnac.ca\/fr\/wp-json\/wp\/v2\/users\/196"}],"replies":[{"embeddable":true,"href":"https:\/\/mycnac.ca\/fr\/wp-json\/wp\/v2\/comments?post=778"}],"version-history":[{"count":0,"href":"https:\/\/mycnac.ca\/fr\/wp-json\/wp\/v2\/pages\/778\/revisions"}],"up":[{"embeddable":true,"href":"https:\/\/mycnac.ca\/fr\/wp-json\/wp\/v2\/pages\/121"}],"wp:attachment":[{"href":"https:\/\/mycnac.ca\/fr\/wp-json\/wp\/v2\/media?parent=778"}],"curies":[{"name":"wp","href":"https:\/\/api.w.org\/{rel}","templated":true}]}}