{"id":133,"date":"2019-09-11T15:46:35","date_gmt":"2019-09-11T15:46:35","guid":{"rendered":"https:\/\/mycnac.ca\/?page_id=133"},"modified":"2019-10-23T14:54:38","modified_gmt":"2019-10-23T14:54:38","slug":"pediatric-chiropractic-care","status":"publish","type":"page","link":"https:\/\/mycnac.ca\/fr\/about-cnac\/position-statements\/pediatric-chiropractic-care\/","title":{"rendered":"Soins de chiropratique p\u00e9diatrique"},"content":{"rendered":"<div data-elementor-type=\"wp-page\" data-elementor-id=\"133\" class=\"elementor elementor-133\" data-elementor-post-type=\"page\">\n\t\t\t\t\t\t<section class=\"elementor-section elementor-top-section elementor-element elementor-element-57f405ce elementor-section-stretched elementor-section-full_width elementor-section-height-min-height elementor-section-height-default elementor-section-items-middle\" data-id=\"57f405ce\" data-element_type=\"section\" data-e-type=\"section\" data-settings=\"{&quot;background_background&quot;:&quot;classic&quot;,&quot;shape_divider_bottom&quot;:&quot;mountains&quot;,&quot;stretch_section&quot;:&quot;section-stretched&quot;}\">\n\t\t\t\t\t\t\t<div class=\"elementor-background-overlay\"><\/div>\n\t\t\t\t\t\t<div class=\"elementor-shape elementor-shape-bottom\" aria-hidden=\"true\" data-negative=\"false\">\n\t\t\t<svg xmlns=\"http:\/\/www.w3.org\/2000\/svg\" viewbox=\"0 0 1000 100\" preserveaspectratio=\"none\">\n\t<path class=\"elementor-shape-fill\" opacity=\"0.33\" d=\"M473,67.3c-203.9,88.3-263.1-34-320.3,0C66,119.1,0,59.7,0,59.7V0h1000v59.7 c0,0-62.1,26.1-94.9,29.3c-32.8,3.3-62.8-12.3-75.8-22.1C806,49.6,745.3,8.7,694.9,4.7S492.4,59,473,67.3z\"\/>\n\t<path class=\"elementor-shape-fill\" opacity=\"0.66\" d=\"M734,67.3c-45.5,0-77.2-23.2-129.1-39.1c-28.6-8.7-150.3-10.1-254,39.1 s-91.7-34.4-149.2,0C115.7,118.3,0,39.8,0,39.8V0h1000v36.5c0,0-28.2-18.5-92.1-18.5C810.2,18.1,775.7,67.3,734,67.3z\"\/>\n\t<path class=\"elementor-shape-fill\" d=\"M766.1,28.9c-200-57.5-266,65.5-395.1,19.5C242,1.8,242,5.4,184.8,20.6C128,35.8,132.3,44.9,89.9,52.5C28.6,63.7,0,0,0,0 h1000c0,0-9.9,40.9-83.6,48.1S829.6,47,766.1,28.9z\"\/>\n<\/svg>\t\t<\/div>\n\t\t\t\t\t<div class=\"elementor-container elementor-column-gap-default\">\n\t\t\t\t\t<div class=\"elementor-column elementor-col-100 elementor-top-column elementor-element elementor-element-5c3a0499\" data-id=\"5c3a0499\" data-element_type=\"column\" data-e-type=\"column\">\n\t\t\t<div class=\"elementor-widget-wrap elementor-element-populated\">\n\t\t\t\t\t\t<div class=\"elementor-element elementor-element-f65820b elementor-widget elementor-widget-heading\" data-id=\"f65820b\" data-element_type=\"widget\" data-e-type=\"widget\" data-widget_type=\"heading.default\">\n\t\t\t\t<div class=\"elementor-widget-container\">\n\t\t\t\t\t<h1 class=\"elementor-heading-title elementor-size-default\">Chiropratique p\u00e9diatrique<\/h1>\t\t\t\t<\/div>\n\t\t\t\t<\/div>\n\t\t\t\t<div class=\"elementor-element elementor-element-154f056b elementor-widget elementor-widget-heading\" data-id=\"154f056b\" data-element_type=\"widget\" data-e-type=\"widget\" data-widget_type=\"heading.default\">\n\t\t\t\t<div class=\"elementor-widget-container\">\n\t\t\t\t\t<h1 class=\"elementor-heading-title elementor-size-default\">Chiropratique pour tous les \u00e2ges<\/h1>\t\t\t\t<\/div>\n\t\t\t\t<\/div>\n\t\t\t\t\t<\/div>\n\t\t<\/div>\n\t\t\t\t\t<\/div>\n\t\t<\/section>\n\t\t\t\t<section class=\"elementor-section elementor-top-section elementor-element elementor-element-22eb5aa1 elementor-section-boxed elementor-section-height-default elementor-section-height-default\" data-id=\"22eb5aa1\" data-element_type=\"section\" data-e-type=\"section\">\n\t\t\t\t\t\t<div class=\"elementor-container elementor-column-gap-default\">\n\t\t\t\t\t<div class=\"elementor-column elementor-col-100 elementor-top-column elementor-element elementor-element-5d92ec40\" data-id=\"5d92ec40\" data-element_type=\"column\" data-e-type=\"column\">\n\t\t\t<div class=\"elementor-widget-wrap elementor-element-populated\">\n\t\t\t\t\t\t<div class=\"elementor-element elementor-element-635c4c7c elementor-widget elementor-widget-image\" data-id=\"635c4c7c\" data-element_type=\"widget\" data-e-type=\"widget\" data-widget_type=\"image.default\">\n\t\t\t\t<div class=\"elementor-widget-container\">\n\t\t\t\t\t\t\t\t\t\t\t\t\t\t\t<img loading=\"lazy\" decoding=\"async\" width=\"300\" height=\"180\" src=\"https:\/\/mycnac.ca\/wp-content\/uploads\/2019\/08\/CNAC-Triangles-300x180.png\" class=\"attachment-medium size-medium wp-image-53\" alt=\"\" srcset=\"https:\/\/mycnac.ca\/wp-content\/uploads\/2019\/08\/CNAC-Triangles-300x180.png 300w, https:\/\/mycnac.ca\/wp-content\/uploads\/2019\/08\/CNAC-Triangles.png 500w\" sizes=\"auto, (max-width: 300px) 100vw, 300px\" \/>\t\t\t\t\t\t\t\t\t\t\t\t\t\t\t<\/div>\n\t\t\t\t<\/div>\n\t\t\t\t<div class=\"elementor-element elementor-element-6e94f7ae elementor-widget elementor-widget-heading\" data-id=\"6e94f7ae\" data-element_type=\"widget\" data-e-type=\"widget\" data-widget_type=\"heading.default\">\n\t\t\t\t<div class=\"elementor-widget-container\">\n\t\t\t\t\t<h2 class=\"elementor-heading-title elementor-size-default\">Chiropratique p\u00e9diatrique<\/h2>\t\t\t\t<\/div>\n\t\t\t\t<\/div>\n\t\t\t\t<div class=\"elementor-element elementor-element-334a52b8 elementor-widget elementor-widget-text-editor\" data-id=\"334a52b8\" data-element_type=\"widget\" data-e-type=\"widget\" data-widget_type=\"text-editor.default\">\n\t\t\t\t<div class=\"elementor-widget-container\">\n\t\t\t\t\t\t\t\t\t<p>L\u2019ANCC milite en faveur de l\u2019acc\u00e8s aux soins chiropratiques pour tous les \u00e2ges, des nourrissons aux personnes \u00e2g\u00e9es.<span class=\"Apple-converted-space\">&nbsp;<\/span>Nous reconnaissons la formation suppl\u00e9mentaire que de nombreux chiropraticiens suivent pour offrir une vaste gamme de techniques et d\u2019approches pour offrir des soins exceptionnels et adapt\u00e9s \u00e0 diff\u00e9rentes tranches de la population.<\/p>\t\t\t\t\t\t\t\t<\/div>\n\t\t\t\t<\/div>\n\t\t\t\t\t<\/div>\n\t\t<\/div>\n\t\t\t\t\t<\/div>\n\t\t<\/section>\n\t\t\t\t<section class=\"elementor-section elementor-top-section elementor-element elementor-element-1836d87 elementor-section-boxed elementor-section-height-default elementor-section-height-default\" data-id=\"1836d87\" data-element_type=\"section\" data-e-type=\"section\">\n\t\t\t\t\t\t<div class=\"elementor-container elementor-column-gap-default\">\n\t\t\t\t\t<div class=\"elementor-column elementor-col-100 elementor-top-column elementor-element elementor-element-97dbc54\" data-id=\"97dbc54\" data-element_type=\"column\" data-e-type=\"column\">\n\t\t\t<div class=\"elementor-widget-wrap elementor-element-populated\">\n\t\t\t\t\t\t<div class=\"elementor-element elementor-element-5866b3a elementor-widget elementor-widget-spacer\" data-id=\"5866b3a\" data-element_type=\"widget\" data-e-type=\"widget\" data-widget_type=\"spacer.default\">\n\t\t\t\t<div class=\"elementor-widget-container\">\n\t\t\t\t\t\t\t<div class=\"elementor-spacer\">\n\t\t\t<div class=\"elementor-spacer-inner\"><\/div>\n\t\t<\/div>\n\t\t\t\t\t\t<\/div>\n\t\t\t\t<\/div>\n\t\t\t\t\t<\/div>\n\t\t<\/div>\n\t\t\t\t\t<\/div>\n\t\t<\/section>\n\t\t\t\t<\/div>","protected":false},"excerpt":{"rendered":"<p>Pediatric Chiropractic Chiropractic for All Ages Pediatric Chiropractic The CNAC advocates access to chiropractic care for all ages, from newborns to senior citizens.&nbsp;We recognize the additional training many chiropractors undertake to offer a wide variety of techniques and approaches to provide exceptional and tailored care to various population segments.<\/p>","protected":false},"author":1,"featured_media":0,"parent":121,"menu_order":0,"comment_status":"closed","ping_status":"closed","template":"","meta":{"nf_dc_page":"","site-sidebar-layout":"no-sidebar","site-content-layout":"page-builder","ast-site-content-layout":"default","site-content-style":"default","site-sidebar-style":"default","ast-global-header-display":"","ast-banner-title-visibility":"","ast-main-header-display":"","ast-hfb-above-header-display":"","ast-hfb-below-header-display":"","ast-hfb-mobile-header-display":"","site-post-title":"disabled","ast-breadcrumbs-content":"","ast-featured-img":"disabled","footer-sml-layout":"","ast-disable-related-posts":"","theme-transparent-header-meta":"default","adv-header-id-meta":"","stick-header-meta":"","header-above-stick-meta":"","header-main-stick-meta":"","header-below-stick-meta":"","astra-migrate-meta-layouts":"default","ast-page-background-enabled":"default","ast-page-background-meta":{"desktop":{"background-color":"","background-image":"","background-repeat":"repeat","background-position":"center center","background-size":"auto","background-attachment":"scroll","background-type":"","background-media":"","overlay-type":"","overlay-color":"","overlay-opacity":"","overlay-gradient":""},"tablet":{"background-color":"","background-image":"","background-repeat":"repeat","background-position":"center center","background-size":"auto","background-attachment":"scroll","background-type":"","background-media":"","overlay-type":"","overlay-color":"","overlay-opacity":"","overlay-gradient":""},"mobile":{"background-color":"","background-image":"","background-repeat":"repeat","background-position":"center center","background-size":"auto","background-attachment":"scroll","background-type":"","background-media":"","overlay-type":"","overlay-color":"","overlay-opacity":"","overlay-gradient":""}},"ast-content-background-meta":{"desktop":{"background-color":"var(--ast-global-color-5)","background-image":"","background-repeat":"repeat","background-position":"center center","background-size":"auto","background-attachment":"scroll","background-type":"","background-media":"","overlay-type":"","overlay-color":"","overlay-opacity":"","overlay-gradient":""},"tablet":{"background-color":"var(--ast-global-color-5)","background-image":"","background-repeat":"repeat","background-position":"center center","background-size":"auto","background-attachment":"scroll","background-type":"","background-media":"","overlay-type":"","overlay-color":"","overlay-opacity":"","overlay-gradient":""},"mobile":{"background-color":"var(--ast-global-color-5)","background-image":"","background-repeat":"repeat","background-position":"center center","background-size":"auto","background-attachment":"scroll","background-type":"","background-media":"","overlay-type":"","overlay-color":"","overlay-opacity":"","overlay-gradient":""}},"footnotes":""},"class_list":["post-133","page","type-page","status-publish","hentry"],"yoast_head":"<!-- This site is optimized with the Yoast SEO plugin v27.3 - https:\/\/yoast.com\/product\/yoast-seo-wordpress\/ -->\n<title>Pediatric Chiropractic Care - Canadian National Alliance for Chiropractic<\/title>\n<meta name=\"robots\" content=\"index, follow, max-snippet:-1, max-image-preview:large, max-video-preview:-1\" \/>\n<link rel=\"canonical\" href=\"https:\/\/mycnac.ca\/fr\/about-cnac\/position-statements\/pediatric-chiropractic-care\/\" \/>\n<meta property=\"og:locale\" content=\"fr_CA\" \/>\n<meta property=\"og:type\" content=\"article\" \/>\n<meta property=\"og:title\" content=\"Pediatric Chiropractic Care - Canadian National Alliance for Chiropractic\" \/>\n<meta property=\"og:description\" content=\"Pediatric Chiropractic Chiropractic for All Ages Pediatric Chiropractic The CNAC advocates access to chiropractic care for all ages, from newborns to senior citizens.&nbsp;We recognize the additional training many chiropractors undertake to offer a wide variety of techniques and approaches to provide exceptional and tailored care to various population segments.\" \/>\n<meta property=\"og:url\" content=\"https:\/\/mycnac.ca\/fr\/about-cnac\/position-statements\/pediatric-chiropractic-care\/\" \/>\n<meta property=\"og:site_name\" content=\"Canadian National Alliance for Chiropractic\" \/>\n<meta property=\"article:modified_time\" content=\"2019-10-23T14:54:38+00:00\" \/>\n<meta property=\"og:image\" content=\"https:\/\/mycnac.ca\/wp-content\/uploads\/2019\/08\/CNAC-Triangles-300x180.png\" \/>\n<meta name=\"twitter:card\" content=\"summary_large_image\" \/>\n<script type=\"application\/ld+json\" class=\"yoast-schema-graph\">{\"@context\":\"https:\\\/\\\/schema.org\",\"@graph\":[{\"@type\":\"WebPage\",\"@id\":\"https:\\\/\\\/mycnac.ca\\\/en\\\/about-cnac\\\/position-statements\\\/pediatric-chiropractic-care\\\/\",\"url\":\"https:\\\/\\\/mycnac.ca\\\/en\\\/about-cnac\\\/position-statements\\\/pediatric-chiropractic-care\\\/\",\"name\":\"Pediatric Chiropractic Care - Canadian National Alliance for Chiropractic\",\"isPartOf\":{\"@id\":\"https:\\\/\\\/mycnac.ca\\\/en\\\/#website\"},\"primaryImageOfPage\":{\"@id\":\"https:\\\/\\\/mycnac.ca\\\/en\\\/about-cnac\\\/position-statements\\\/pediatric-chiropractic-care\\\/#primaryimage\"},\"image\":{\"@id\":\"https:\\\/\\\/mycnac.ca\\\/en\\\/about-cnac\\\/position-statements\\\/pediatric-chiropractic-care\\\/#primaryimage\"},\"thumbnailUrl\":\"https:\\\/\\\/mycnac.ca\\\/wp-content\\\/uploads\\\/2019\\\/08\\\/CNAC-Triangles-300x180.png\",\"datePublished\":\"2019-09-11T15:46:35+00:00\",\"dateModified\":\"2019-10-23T14:54:38+00:00\",\"breadcrumb\":{\"@id\":\"https:\\\/\\\/mycnac.ca\\\/en\\\/about-cnac\\\/position-statements\\\/pediatric-chiropractic-care\\\/#breadcrumb\"},\"inLanguage\":\"fr-CA\",\"potentialAction\":[{\"@type\":\"ReadAction\",\"target\":[\"https:\\\/\\\/mycnac.ca\\\/en\\\/about-cnac\\\/position-statements\\\/pediatric-chiropractic-care\\\/\"]}]},{\"@type\":\"ImageObject\",\"inLanguage\":\"fr-CA\",\"@id\":\"https:\\\/\\\/mycnac.ca\\\/en\\\/about-cnac\\\/position-statements\\\/pediatric-chiropractic-care\\\/#primaryimage\",\"url\":\"https:\\\/\\\/mycnac.ca\\\/wp-content\\\/uploads\\\/2019\\\/08\\\/CNAC-Triangles-300x180.png\",\"contentUrl\":\"https:\\\/\\\/mycnac.ca\\\/wp-content\\\/uploads\\\/2019\\\/08\\\/CNAC-Triangles-300x180.png\"},{\"@type\":\"BreadcrumbList\",\"@id\":\"https:\\\/\\\/mycnac.ca\\\/en\\\/about-cnac\\\/position-statements\\\/pediatric-chiropractic-care\\\/#breadcrumb\",\"itemListElement\":[{\"@type\":\"ListItem\",\"position\":1,\"name\":\"Home\",\"item\":\"https:\\\/\\\/mycnac.ca\\\/\"},{\"@type\":\"ListItem\",\"position\":2,\"name\":\"About CNAC\",\"item\":\"https:\\\/\\\/mycnac.ca\\\/en\\\/about-cnac\\\/\"},{\"@type\":\"ListItem\",\"position\":3,\"name\":\"Position Statements\",\"item\":\"https:\\\/\\\/mycnac.ca\\\/en\\\/about-cnac\\\/position-statements\\\/\"},{\"@type\":\"ListItem\",\"position\":4,\"name\":\"Pediatric Chiropractic Care\"}]},{\"@type\":\"WebSite\",\"@id\":\"https:\\\/\\\/mycnac.ca\\\/en\\\/#website\",\"url\":\"https:\\\/\\\/mycnac.ca\\\/en\\\/\",\"name\":\"Canadian National Alliance for Chiropractic\",\"description\":\"\",\"publisher\":{\"@id\":\"https:\\\/\\\/mycnac.ca\\\/en\\\/#organization\"},\"potentialAction\":[{\"@type\":\"SearchAction\",\"target\":{\"@type\":\"EntryPoint\",\"urlTemplate\":\"https:\\\/\\\/mycnac.ca\\\/en\\\/?s={search_term_string}\"},\"query-input\":{\"@type\":\"PropertyValueSpecification\",\"valueRequired\":true,\"valueName\":\"search_term_string\"}}],\"inLanguage\":\"fr-CA\"},{\"@type\":\"Organization\",\"@id\":\"https:\\\/\\\/mycnac.ca\\\/en\\\/#organization\",\"name\":\"Canadian National Alliance for Chiropractic\",\"url\":\"https:\\\/\\\/mycnac.ca\\\/en\\\/\",\"logo\":{\"@type\":\"ImageObject\",\"inLanguage\":\"fr-CA\",\"@id\":\"https:\\\/\\\/mycnac.ca\\\/en\\\/#\\\/schema\\\/logo\\\/image\\\/\",\"url\":\"https:\\\/\\\/mycnac.ca\\\/wp-content\\\/uploads\\\/2019\\\/10\\\/CNAC_Logo-Horizontal_Colour_web.jpg\",\"contentUrl\":\"https:\\\/\\\/mycnac.ca\\\/wp-content\\\/uploads\\\/2019\\\/10\\\/CNAC_Logo-Horizontal_Colour_web.jpg\",\"width\":500,\"height\":118,\"caption\":\"Canadian National Alliance for Chiropractic\"},\"image\":{\"@id\":\"https:\\\/\\\/mycnac.ca\\\/en\\\/#\\\/schema\\\/logo\\\/image\\\/\"}}]}<\/script>\n<!-- \/ Yoast SEO plugin. -->","yoast_head_json":{"title":"Pediatric Chiropractic Care - Canadian National Alliance for Chiropractic","robots":{"index":"index","follow":"follow","max-snippet":"max-snippet:-1","max-image-preview":"max-image-preview:large","max-video-preview":"max-video-preview:-1"},"canonical":"https:\/\/mycnac.ca\/fr\/about-cnac\/position-statements\/pediatric-chiropractic-care\/","og_locale":"fr_CA","og_type":"article","og_title":"Pediatric Chiropractic Care - Canadian National Alliance for Chiropractic","og_description":"Pediatric Chiropractic Chiropractic for All Ages Pediatric Chiropractic The CNAC advocates access to chiropractic care for all ages, from newborns to senior citizens.&nbsp;We recognize the additional training many chiropractors undertake to offer a wide variety of techniques and approaches to provide exceptional and tailored care to various population segments.","og_url":"https:\/\/mycnac.ca\/fr\/about-cnac\/position-statements\/pediatric-chiropractic-care\/","og_site_name":"Canadian National Alliance for Chiropractic","article_modified_time":"2019-10-23T14:54:38+00:00","og_image":[{"url":"https:\/\/mycnac.ca\/wp-content\/uploads\/2019\/08\/CNAC-Triangles-300x180.png","type":"","width":"","height":""}],"twitter_card":"summary_large_image","schema":{"@context":"https:\/\/schema.org","@graph":[{"@type":"WebPage","@id":"https:\/\/mycnac.ca\/en\/about-cnac\/position-statements\/pediatric-chiropractic-care\/","url":"https:\/\/mycnac.ca\/en\/about-cnac\/position-statements\/pediatric-chiropractic-care\/","name":"Pediatric Chiropractic Care - Canadian National Alliance for Chiropractic","isPartOf":{"@id":"https:\/\/mycnac.ca\/en\/#website"},"primaryImageOfPage":{"@id":"https:\/\/mycnac.ca\/en\/about-cnac\/position-statements\/pediatric-chiropractic-care\/#primaryimage"},"image":{"@id":"https:\/\/mycnac.ca\/en\/about-cnac\/position-statements\/pediatric-chiropractic-care\/#primaryimage"},"thumbnailUrl":"https:\/\/mycnac.ca\/wp-content\/uploads\/2019\/08\/CNAC-Triangles-300x180.png","datePublished":"2019-09-11T15:46:35+00:00","dateModified":"2019-10-23T14:54:38+00:00","breadcrumb":{"@id":"https:\/\/mycnac.ca\/en\/about-cnac\/position-statements\/pediatric-chiropractic-care\/#breadcrumb"},"inLanguage":"fr-CA","potentialAction":[{"@type":"ReadAction","target":["https:\/\/mycnac.ca\/en\/about-cnac\/position-statements\/pediatric-chiropractic-care\/"]}]},{"@type":"ImageObject","inLanguage":"fr-CA","@id":"https:\/\/mycnac.ca\/en\/about-cnac\/position-statements\/pediatric-chiropractic-care\/#primaryimage","url":"https:\/\/mycnac.ca\/wp-content\/uploads\/2019\/08\/CNAC-Triangles-300x180.png","contentUrl":"https:\/\/mycnac.ca\/wp-content\/uploads\/2019\/08\/CNAC-Triangles-300x180.png"},{"@type":"BreadcrumbList","@id":"https:\/\/mycnac.ca\/en\/about-cnac\/position-statements\/pediatric-chiropractic-care\/#breadcrumb","itemListElement":[{"@type":"ListItem","position":1,"name":"Home","item":"https:\/\/mycnac.ca\/"},{"@type":"ListItem","position":2,"name":"About CNAC","item":"https:\/\/mycnac.ca\/en\/about-cnac\/"},{"@type":"ListItem","position":3,"name":"Position Statements","item":"https:\/\/mycnac.ca\/en\/about-cnac\/position-statements\/"},{"@type":"ListItem","position":4,"name":"Pediatric Chiropractic Care"}]},{"@type":"WebSite","@id":"https:\/\/mycnac.ca\/en\/#website","url":"https:\/\/mycnac.ca\/en\/","name":"l'Alliance nationale canadienne pour la chiropratique","description":"","publisher":{"@id":"https:\/\/mycnac.ca\/en\/#organization"},"potentialAction":[{"@type":"SearchAction","target":{"@type":"EntryPoint","urlTemplate":"https:\/\/mycnac.ca\/en\/?s={search_term_string}"},"query-input":{"@type":"PropertyValueSpecification","valueRequired":true,"valueName":"search_term_string"}}],"inLanguage":"fr-CA"},{"@type":"Organization","@id":"https:\/\/mycnac.ca\/en\/#organization","name":"l'Alliance nationale canadienne pour la chiropratique","url":"https:\/\/mycnac.ca\/en\/","logo":{"@type":"ImageObject","inLanguage":"fr-CA","@id":"https:\/\/mycnac.ca\/en\/#\/schema\/logo\/image\/","url":"https:\/\/mycnac.ca\/wp-content\/uploads\/2019\/10\/CNAC_Logo-Horizontal_Colour_web.jpg","contentUrl":"https:\/\/mycnac.ca\/wp-content\/uploads\/2019\/10\/CNAC_Logo-Horizontal_Colour_web.jpg","width":500,"height":118,"caption":"Canadian National Alliance for Chiropractic"},"image":{"@id":"https:\/\/mycnac.ca\/en\/#\/schema\/logo\/image\/"}}]}},"_links":{"self":[{"href":"https:\/\/mycnac.ca\/fr\/wp-json\/wp\/v2\/pages\/133","targetHints":{"allow":["GET"]}}],"collection":[{"href":"https:\/\/mycnac.ca\/fr\/wp-json\/wp\/v2\/pages"}],"about":[{"href":"https:\/\/mycnac.ca\/fr\/wp-json\/wp\/v2\/types\/page"}],"author":[{"embeddable":true,"href":"https:\/\/mycnac.ca\/fr\/wp-json\/wp\/v2\/users\/1"}],"replies":[{"embeddable":true,"href":"https:\/\/mycnac.ca\/fr\/wp-json\/wp\/v2\/comments?post=133"}],"version-history":[{"count":0,"href":"https:\/\/mycnac.ca\/fr\/wp-json\/wp\/v2\/pages\/133\/revisions"}],"up":[{"embeddable":true,"href":"https:\/\/mycnac.ca\/fr\/wp-json\/wp\/v2\/pages\/121"}],"wp:attachment":[{"href":"https:\/\/mycnac.ca\/fr\/wp-json\/wp\/v2\/media?parent=133"}],"curies":[{"name":"wp","href":"https:\/\/api.w.org\/{rel}","templated":true}]}}