{"id":131,"date":"2019-09-11T15:45:42","date_gmt":"2019-09-11T15:45:42","guid":{"rendered":"https:\/\/mycnac.ca\/?page_id=131"},"modified":"2019-10-23T14:53:42","modified_gmt":"2019-10-23T14:53:42","slug":"neurologically-based-care","status":"publish","type":"page","link":"https:\/\/mycnac.ca\/fr\/about-cnac\/position-statements\/neurologically-based-care\/","title":{"rendered":"Soins neurologiques"},"content":{"rendered":"<div data-elementor-type=\"wp-page\" data-elementor-id=\"131\" class=\"elementor elementor-131\" data-elementor-post-type=\"page\">\n\t\t\t\t\t\t<section class=\"elementor-section elementor-top-section elementor-element elementor-element-4cd4df0a elementor-section-stretched elementor-section-full_width elementor-section-height-default elementor-section-height-default\" data-id=\"4cd4df0a\" data-element_type=\"section\" data-e-type=\"section\" data-settings=\"{&quot;background_background&quot;:&quot;classic&quot;,&quot;shape_divider_bottom&quot;:&quot;mountains&quot;,&quot;stretch_section&quot;:&quot;section-stretched&quot;}\">\n\t\t\t\t\t\t\t<div class=\"elementor-background-overlay\"><\/div>\n\t\t\t\t\t\t<div class=\"elementor-shape elementor-shape-bottom\" aria-hidden=\"true\" data-negative=\"false\">\n\t\t\t<svg xmlns=\"http:\/\/www.w3.org\/2000\/svg\" viewbox=\"0 0 1000 100\" preserveaspectratio=\"none\">\n\t<path class=\"elementor-shape-fill\" opacity=\"0.33\" d=\"M473,67.3c-203.9,88.3-263.1-34-320.3,0C66,119.1,0,59.7,0,59.7V0h1000v59.7 c0,0-62.1,26.1-94.9,29.3c-32.8,3.3-62.8-12.3-75.8-22.1C806,49.6,745.3,8.7,694.9,4.7S492.4,59,473,67.3z\"\/>\n\t<path class=\"elementor-shape-fill\" opacity=\"0.66\" d=\"M734,67.3c-45.5,0-77.2-23.2-129.1-39.1c-28.6-8.7-150.3-10.1-254,39.1 s-91.7-34.4-149.2,0C115.7,118.3,0,39.8,0,39.8V0h1000v36.5c0,0-28.2-18.5-92.1-18.5C810.2,18.1,775.7,67.3,734,67.3z\"\/>\n\t<path class=\"elementor-shape-fill\" d=\"M766.1,28.9c-200-57.5-266,65.5-395.1,19.5C242,1.8,242,5.4,184.8,20.6C128,35.8,132.3,44.9,89.9,52.5C28.6,63.7,0,0,0,0 h1000c0,0-9.9,40.9-83.6,48.1S829.6,47,766.1,28.9z\"\/>\n<\/svg>\t\t<\/div>\n\t\t\t\t\t<div class=\"elementor-container elementor-column-gap-default\">\n\t\t\t\t\t<div class=\"elementor-column elementor-col-100 elementor-top-column elementor-element elementor-element-4389c004\" data-id=\"4389c004\" data-element_type=\"column\" data-e-type=\"column\">\n\t\t\t<div class=\"elementor-widget-wrap elementor-element-populated\">\n\t\t\t\t\t\t<div class=\"elementor-element elementor-element-4456f150 elementor-widget elementor-widget-heading\" data-id=\"4456f150\" data-element_type=\"widget\" data-e-type=\"widget\" data-widget_type=\"heading.default\">\n\t\t\t\t<div class=\"elementor-widget-container\">\n\t\t\t\t\t<h1 class=\"elementor-heading-title elementor-size-default\">Soins neurologiques<\/h1>\t\t\t\t<\/div>\n\t\t\t\t<\/div>\n\t\t\t\t<div class=\"elementor-element elementor-element-18e27112 elementor-widget elementor-widget-heading\" data-id=\"18e27112\" data-element_type=\"widget\" data-e-type=\"widget\" data-widget_type=\"heading.default\">\n\t\t\t\t<div class=\"elementor-widget-container\">\n\t\t\t\t\t<h1 class=\"elementor-heading-title elementor-size-default\">\u00c0 l\u2019appui du syst\u00e8me nerveux<\/h1>\t\t\t\t<\/div>\n\t\t\t\t<\/div>\n\t\t\t\t\t<\/div>\n\t\t<\/div>\n\t\t\t\t\t<\/div>\n\t\t<\/section>\n\t\t\t\t<section class=\"elementor-section elementor-top-section elementor-element elementor-element-6fce5ace elementor-section-boxed elementor-section-height-default elementor-section-height-default\" data-id=\"6fce5ace\" data-element_type=\"section\" data-e-type=\"section\">\n\t\t\t\t\t\t<div class=\"elementor-container elementor-column-gap-default\">\n\t\t\t\t\t<div class=\"elementor-column elementor-col-100 elementor-top-column elementor-element elementor-element-3dce7575\" data-id=\"3dce7575\" data-element_type=\"column\" data-e-type=\"column\">\n\t\t\t<div class=\"elementor-widget-wrap elementor-element-populated\">\n\t\t\t\t\t\t<div class=\"elementor-element elementor-element-3f6254c8 elementor-widget elementor-widget-image\" data-id=\"3f6254c8\" data-element_type=\"widget\" data-e-type=\"widget\" data-widget_type=\"image.default\">\n\t\t\t\t<div class=\"elementor-widget-container\">\n\t\t\t\t\t\t\t\t\t\t\t\t\t\t\t<img loading=\"lazy\" decoding=\"async\" width=\"300\" height=\"180\" src=\"https:\/\/mycnac.ca\/wp-content\/uploads\/2019\/08\/CNAC-Triangles-300x180.png\" class=\"attachment-medium size-medium wp-image-53\" alt=\"\" srcset=\"https:\/\/mycnac.ca\/wp-content\/uploads\/2019\/08\/CNAC-Triangles-300x180.png 300w, https:\/\/mycnac.ca\/wp-content\/uploads\/2019\/08\/CNAC-Triangles.png 500w\" sizes=\"auto, (max-width: 300px) 100vw, 300px\" \/>\t\t\t\t\t\t\t\t\t\t\t\t\t\t\t<\/div>\n\t\t\t\t<\/div>\n\t\t\t\t<div class=\"elementor-element elementor-element-361956b5 elementor-widget elementor-widget-heading\" data-id=\"361956b5\" data-element_type=\"widget\" data-e-type=\"widget\" data-widget_type=\"heading.default\">\n\t\t\t\t<div class=\"elementor-widget-container\">\n\t\t\t\t\t<h2 class=\"elementor-heading-title elementor-size-default\">Soins neurologiques<\/h2>\t\t\t\t<\/div>\n\t\t\t\t<\/div>\n\t\t\t\t<div class=\"elementor-element elementor-element-52ae3815 elementor-widget elementor-widget-text-editor\" data-id=\"52ae3815\" data-element_type=\"widget\" data-e-type=\"widget\" data-widget_type=\"text-editor.default\">\n\t\t\t\t<div class=\"elementor-widget-container\">\n\t\t\t\t\t\t\t\t\t<p>L\u2019ANCC reconnait les capacit\u00e9s de gu\u00e9rison inh\u00e9rentes du corps et le r\u00f4le du syst\u00e8me nerveux dans la coordination et la communication pour permettre au corps de se gu\u00e9rir, de se r\u00e9guler et de s\u2019adapter en fonction de son environnement.<\/p><p class=\"p1\">L\u2019ANCC d\u00e9fend la progression de la compr\u00e9hension de l\u2019effet des ajustements chiropratiques sur la fonction du syst\u00e8me nerveux, y compris son effet sur le cerveau, sur la gestion du stress, sur la r\u00e9gulation autonome, sur le syst\u00e8me musculosquelettique et sur la proprioception.<\/p>\t\t\t\t\t\t\t\t<\/div>\n\t\t\t\t<\/div>\n\t\t\t\t\t<\/div>\n\t\t<\/div>\n\t\t\t\t\t<\/div>\n\t\t<\/section>\n\t\t\t\t<section class=\"elementor-section elementor-top-section elementor-element elementor-element-f3ff904 elementor-section-boxed elementor-section-height-default elementor-section-height-default\" data-id=\"f3ff904\" data-element_type=\"section\" data-e-type=\"section\">\n\t\t\t\t\t\t<div class=\"elementor-container elementor-column-gap-default\">\n\t\t\t\t\t<div class=\"elementor-column elementor-col-100 elementor-top-column elementor-element elementor-element-53090a1\" data-id=\"53090a1\" data-element_type=\"column\" data-e-type=\"column\">\n\t\t\t<div class=\"elementor-widget-wrap elementor-element-populated\">\n\t\t\t\t\t\t<div class=\"elementor-element elementor-element-d941c0f elementor-widget elementor-widget-spacer\" data-id=\"d941c0f\" data-element_type=\"widget\" data-e-type=\"widget\" data-widget_type=\"spacer.default\">\n\t\t\t\t<div class=\"elementor-widget-container\">\n\t\t\t\t\t\t\t<div class=\"elementor-spacer\">\n\t\t\t<div class=\"elementor-spacer-inner\"><\/div>\n\t\t<\/div>\n\t\t\t\t\t\t<\/div>\n\t\t\t\t<\/div>\n\t\t\t\t\t<\/div>\n\t\t<\/div>\n\t\t\t\t\t<\/div>\n\t\t<\/section>\n\t\t\t\t<\/div>","protected":false},"excerpt":{"rendered":"<p>Neurologically Based Care Supporting the Nervous System Neurologically Based Care The CNAC recognizes the inherent healing abilities of the body and the role the nervous system plays in coordinating and communicating for the body to self-heal, self-regulate and adapt appropriately to its environment. The CNAC advocates for the advancement of understanding the effect chiropractic adjustments [&hellip;]<\/p>\n","protected":false},"author":1,"featured_media":0,"parent":121,"menu_order":0,"comment_status":"closed","ping_status":"closed","template":"","meta":{"nf_dc_page":"","site-sidebar-layout":"no-sidebar","site-content-layout":"page-builder","ast-site-content-layout":"default","site-content-style":"default","site-sidebar-style":"default","ast-global-header-display":"","ast-banner-title-visibility":"","ast-main-header-display":"","ast-hfb-above-header-display":"","ast-hfb-below-header-display":"","ast-hfb-mobile-header-display":"","site-post-title":"disabled","ast-breadcrumbs-content":"","ast-featured-img":"disabled","footer-sml-layout":"","ast-disable-related-posts":"","theme-transparent-header-meta":"default","adv-header-id-meta":"","stick-header-meta":"","header-above-stick-meta":"","header-main-stick-meta":"","header-below-stick-meta":"","astra-migrate-meta-layouts":"default","ast-page-background-enabled":"default","ast-page-background-meta":{"desktop":{"background-color":"","background-image":"","background-repeat":"repeat","background-position":"center center","background-size":"auto","background-attachment":"scroll","background-type":"","background-media":"","overlay-type":"","overlay-color":"","overlay-opacity":"","overlay-gradient":""},"tablet":{"background-color":"","background-image":"","background-repeat":"repeat","background-position":"center center","background-size":"auto","background-attachment":"scroll","background-type":"","background-media":"","overlay-type":"","overlay-color":"","overlay-opacity":"","overlay-gradient":""},"mobile":{"background-color":"","background-image":"","background-repeat":"repeat","background-position":"center center","background-size":"auto","background-attachment":"scroll","background-type":"","background-media":"","overlay-type":"","overlay-color":"","overlay-opacity":"","overlay-gradient":""}},"ast-content-background-meta":{"desktop":{"background-color":"var(--ast-global-color-5)","background-image":"","background-repeat":"repeat","background-position":"center center","background-size":"auto","background-attachment":"scroll","background-type":"","background-media":"","overlay-type":"","overlay-color":"","overlay-opacity":"","overlay-gradient":""},"tablet":{"background-color":"var(--ast-global-color-5)","background-image":"","background-repeat":"repeat","background-position":"center center","background-size":"auto","background-attachment":"scroll","background-type":"","background-media":"","overlay-type":"","overlay-color":"","overlay-opacity":"","overlay-gradient":""},"mobile":{"background-color":"var(--ast-global-color-5)","background-image":"","background-repeat":"repeat","background-position":"center center","background-size":"auto","background-attachment":"scroll","background-type":"","background-media":"","overlay-type":"","overlay-color":"","overlay-opacity":"","overlay-gradient":""}},"footnotes":""},"class_list":["post-131","page","type-page","status-publish","hentry"],"yoast_head":"<!-- This site is optimized with the Yoast SEO plugin v27.3 - https:\/\/yoast.com\/product\/yoast-seo-wordpress\/ -->\n<title>Neurologically Based Care - Canadian National Alliance for Chiropractic<\/title>\n<meta name=\"robots\" content=\"index, follow, max-snippet:-1, max-image-preview:large, max-video-preview:-1\" \/>\n<link rel=\"canonical\" href=\"https:\/\/mycnac.ca\/fr\/about-cnac\/position-statements\/neurologically-based-care\/\" \/>\n<meta property=\"og:locale\" content=\"fr_CA\" \/>\n<meta property=\"og:type\" content=\"article\" \/>\n<meta property=\"og:title\" content=\"Neurologically Based Care - Canadian National Alliance for Chiropractic\" \/>\n<meta property=\"og:description\" content=\"Neurologically Based Care Supporting the Nervous System Neurologically Based Care The CNAC recognizes the inherent healing abilities of the body and the role the nervous system plays in coordinating and communicating for the body to self-heal, self-regulate and adapt appropriately to its environment. The CNAC advocates for the advancement of understanding the effect chiropractic adjustments [&hellip;]\" \/>\n<meta property=\"og:url\" content=\"https:\/\/mycnac.ca\/fr\/about-cnac\/position-statements\/neurologically-based-care\/\" \/>\n<meta property=\"og:site_name\" content=\"Canadian National Alliance for Chiropractic\" \/>\n<meta property=\"article:modified_time\" content=\"2019-10-23T14:53:42+00:00\" \/>\n<meta property=\"og:image\" content=\"https:\/\/mycnac.ca\/wp-content\/uploads\/2019\/08\/CNAC-Triangles-300x180.png\" \/>\n<meta name=\"twitter:card\" content=\"summary_large_image\" \/>\n<script type=\"application\/ld+json\" class=\"yoast-schema-graph\">{\"@context\":\"https:\\\/\\\/schema.org\",\"@graph\":[{\"@type\":\"WebPage\",\"@id\":\"https:\\\/\\\/mycnac.ca\\\/en\\\/about-cnac\\\/position-statements\\\/neurologically-based-care\\\/\",\"url\":\"https:\\\/\\\/mycnac.ca\\\/en\\\/about-cnac\\\/position-statements\\\/neurologically-based-care\\\/\",\"name\":\"Neurologically Based Care - Canadian National Alliance for Chiropractic\",\"isPartOf\":{\"@id\":\"https:\\\/\\\/mycnac.ca\\\/en\\\/#website\"},\"primaryImageOfPage\":{\"@id\":\"https:\\\/\\\/mycnac.ca\\\/en\\\/about-cnac\\\/position-statements\\\/neurologically-based-care\\\/#primaryimage\"},\"image\":{\"@id\":\"https:\\\/\\\/mycnac.ca\\\/en\\\/about-cnac\\\/position-statements\\\/neurologically-based-care\\\/#primaryimage\"},\"thumbnailUrl\":\"https:\\\/\\\/mycnac.ca\\\/wp-content\\\/uploads\\\/2019\\\/08\\\/CNAC-Triangles-300x180.png\",\"datePublished\":\"2019-09-11T15:45:42+00:00\",\"dateModified\":\"2019-10-23T14:53:42+00:00\",\"breadcrumb\":{\"@id\":\"https:\\\/\\\/mycnac.ca\\\/en\\\/about-cnac\\\/position-statements\\\/neurologically-based-care\\\/#breadcrumb\"},\"inLanguage\":\"fr-CA\",\"potentialAction\":[{\"@type\":\"ReadAction\",\"target\":[\"https:\\\/\\\/mycnac.ca\\\/en\\\/about-cnac\\\/position-statements\\\/neurologically-based-care\\\/\"]}]},{\"@type\":\"ImageObject\",\"inLanguage\":\"fr-CA\",\"@id\":\"https:\\\/\\\/mycnac.ca\\\/en\\\/about-cnac\\\/position-statements\\\/neurologically-based-care\\\/#primaryimage\",\"url\":\"https:\\\/\\\/mycnac.ca\\\/wp-content\\\/uploads\\\/2019\\\/08\\\/CNAC-Triangles-300x180.png\",\"contentUrl\":\"https:\\\/\\\/mycnac.ca\\\/wp-content\\\/uploads\\\/2019\\\/08\\\/CNAC-Triangles-300x180.png\"},{\"@type\":\"BreadcrumbList\",\"@id\":\"https:\\\/\\\/mycnac.ca\\\/en\\\/about-cnac\\\/position-statements\\\/neurologically-based-care\\\/#breadcrumb\",\"itemListElement\":[{\"@type\":\"ListItem\",\"position\":1,\"name\":\"Home\",\"item\":\"https:\\\/\\\/mycnac.ca\\\/\"},{\"@type\":\"ListItem\",\"position\":2,\"name\":\"About CNAC\",\"item\":\"https:\\\/\\\/mycnac.ca\\\/en\\\/about-cnac\\\/\"},{\"@type\":\"ListItem\",\"position\":3,\"name\":\"Position Statements\",\"item\":\"https:\\\/\\\/mycnac.ca\\\/en\\\/about-cnac\\\/position-statements\\\/\"},{\"@type\":\"ListItem\",\"position\":4,\"name\":\"Neurologically Based Care\"}]},{\"@type\":\"WebSite\",\"@id\":\"https:\\\/\\\/mycnac.ca\\\/en\\\/#website\",\"url\":\"https:\\\/\\\/mycnac.ca\\\/en\\\/\",\"name\":\"Canadian National Alliance for Chiropractic\",\"description\":\"\",\"publisher\":{\"@id\":\"https:\\\/\\\/mycnac.ca\\\/en\\\/#organization\"},\"potentialAction\":[{\"@type\":\"SearchAction\",\"target\":{\"@type\":\"EntryPoint\",\"urlTemplate\":\"https:\\\/\\\/mycnac.ca\\\/en\\\/?s={search_term_string}\"},\"query-input\":{\"@type\":\"PropertyValueSpecification\",\"valueRequired\":true,\"valueName\":\"search_term_string\"}}],\"inLanguage\":\"fr-CA\"},{\"@type\":\"Organization\",\"@id\":\"https:\\\/\\\/mycnac.ca\\\/en\\\/#organization\",\"name\":\"Canadian National Alliance for Chiropractic\",\"url\":\"https:\\\/\\\/mycnac.ca\\\/en\\\/\",\"logo\":{\"@type\":\"ImageObject\",\"inLanguage\":\"fr-CA\",\"@id\":\"https:\\\/\\\/mycnac.ca\\\/en\\\/#\\\/schema\\\/logo\\\/image\\\/\",\"url\":\"https:\\\/\\\/mycnac.ca\\\/wp-content\\\/uploads\\\/2019\\\/10\\\/CNAC_Logo-Horizontal_Colour_web.jpg\",\"contentUrl\":\"https:\\\/\\\/mycnac.ca\\\/wp-content\\\/uploads\\\/2019\\\/10\\\/CNAC_Logo-Horizontal_Colour_web.jpg\",\"width\":500,\"height\":118,\"caption\":\"Canadian National Alliance for Chiropractic\"},\"image\":{\"@id\":\"https:\\\/\\\/mycnac.ca\\\/en\\\/#\\\/schema\\\/logo\\\/image\\\/\"}}]}<\/script>\n<!-- \/ Yoast SEO plugin. -->","yoast_head_json":{"title":"Neurologically Based Care - Canadian National Alliance for Chiropractic","robots":{"index":"index","follow":"follow","max-snippet":"max-snippet:-1","max-image-preview":"max-image-preview:large","max-video-preview":"max-video-preview:-1"},"canonical":"https:\/\/mycnac.ca\/fr\/about-cnac\/position-statements\/neurologically-based-care\/","og_locale":"fr_CA","og_type":"article","og_title":"Neurologically Based Care - Canadian National Alliance for Chiropractic","og_description":"Neurologically Based Care Supporting the Nervous System Neurologically Based Care The CNAC recognizes the inherent healing abilities of the body and the role the nervous system plays in coordinating and communicating for the body to self-heal, self-regulate and adapt appropriately to its environment. The CNAC advocates for the advancement of understanding the effect chiropractic adjustments [&hellip;]","og_url":"https:\/\/mycnac.ca\/fr\/about-cnac\/position-statements\/neurologically-based-care\/","og_site_name":"Canadian National Alliance for Chiropractic","article_modified_time":"2019-10-23T14:53:42+00:00","og_image":[{"url":"https:\/\/mycnac.ca\/wp-content\/uploads\/2019\/08\/CNAC-Triangles-300x180.png","type":"","width":"","height":""}],"twitter_card":"summary_large_image","schema":{"@context":"https:\/\/schema.org","@graph":[{"@type":"WebPage","@id":"https:\/\/mycnac.ca\/en\/about-cnac\/position-statements\/neurologically-based-care\/","url":"https:\/\/mycnac.ca\/en\/about-cnac\/position-statements\/neurologically-based-care\/","name":"Neurologically Based Care - Canadian National Alliance for Chiropractic","isPartOf":{"@id":"https:\/\/mycnac.ca\/en\/#website"},"primaryImageOfPage":{"@id":"https:\/\/mycnac.ca\/en\/about-cnac\/position-statements\/neurologically-based-care\/#primaryimage"},"image":{"@id":"https:\/\/mycnac.ca\/en\/about-cnac\/position-statements\/neurologically-based-care\/#primaryimage"},"thumbnailUrl":"https:\/\/mycnac.ca\/wp-content\/uploads\/2019\/08\/CNAC-Triangles-300x180.png","datePublished":"2019-09-11T15:45:42+00:00","dateModified":"2019-10-23T14:53:42+00:00","breadcrumb":{"@id":"https:\/\/mycnac.ca\/en\/about-cnac\/position-statements\/neurologically-based-care\/#breadcrumb"},"inLanguage":"fr-CA","potentialAction":[{"@type":"ReadAction","target":["https:\/\/mycnac.ca\/en\/about-cnac\/position-statements\/neurologically-based-care\/"]}]},{"@type":"ImageObject","inLanguage":"fr-CA","@id":"https:\/\/mycnac.ca\/en\/about-cnac\/position-statements\/neurologically-based-care\/#primaryimage","url":"https:\/\/mycnac.ca\/wp-content\/uploads\/2019\/08\/CNAC-Triangles-300x180.png","contentUrl":"https:\/\/mycnac.ca\/wp-content\/uploads\/2019\/08\/CNAC-Triangles-300x180.png"},{"@type":"BreadcrumbList","@id":"https:\/\/mycnac.ca\/en\/about-cnac\/position-statements\/neurologically-based-care\/#breadcrumb","itemListElement":[{"@type":"ListItem","position":1,"name":"Home","item":"https:\/\/mycnac.ca\/"},{"@type":"ListItem","position":2,"name":"About CNAC","item":"https:\/\/mycnac.ca\/en\/about-cnac\/"},{"@type":"ListItem","position":3,"name":"Position Statements","item":"https:\/\/mycnac.ca\/en\/about-cnac\/position-statements\/"},{"@type":"ListItem","position":4,"name":"Neurologically Based Care"}]},{"@type":"WebSite","@id":"https:\/\/mycnac.ca\/en\/#website","url":"https:\/\/mycnac.ca\/en\/","name":"l'Alliance nationale canadienne pour la chiropratique","description":"","publisher":{"@id":"https:\/\/mycnac.ca\/en\/#organization"},"potentialAction":[{"@type":"SearchAction","target":{"@type":"EntryPoint","urlTemplate":"https:\/\/mycnac.ca\/en\/?s={search_term_string}"},"query-input":{"@type":"PropertyValueSpecification","valueRequired":true,"valueName":"search_term_string"}}],"inLanguage":"fr-CA"},{"@type":"Organization","@id":"https:\/\/mycnac.ca\/en\/#organization","name":"l'Alliance nationale canadienne pour la chiropratique","url":"https:\/\/mycnac.ca\/en\/","logo":{"@type":"ImageObject","inLanguage":"fr-CA","@id":"https:\/\/mycnac.ca\/en\/#\/schema\/logo\/image\/","url":"https:\/\/mycnac.ca\/wp-content\/uploads\/2019\/10\/CNAC_Logo-Horizontal_Colour_web.jpg","contentUrl":"https:\/\/mycnac.ca\/wp-content\/uploads\/2019\/10\/CNAC_Logo-Horizontal_Colour_web.jpg","width":500,"height":118,"caption":"Canadian National Alliance for Chiropractic"},"image":{"@id":"https:\/\/mycnac.ca\/en\/#\/schema\/logo\/image\/"}}]}},"_links":{"self":[{"href":"https:\/\/mycnac.ca\/fr\/wp-json\/wp\/v2\/pages\/131","targetHints":{"allow":["GET"]}}],"collection":[{"href":"https:\/\/mycnac.ca\/fr\/wp-json\/wp\/v2\/pages"}],"about":[{"href":"https:\/\/mycnac.ca\/fr\/wp-json\/wp\/v2\/types\/page"}],"author":[{"embeddable":true,"href":"https:\/\/mycnac.ca\/fr\/wp-json\/wp\/v2\/users\/1"}],"replies":[{"embeddable":true,"href":"https:\/\/mycnac.ca\/fr\/wp-json\/wp\/v2\/comments?post=131"}],"version-history":[{"count":0,"href":"https:\/\/mycnac.ca\/fr\/wp-json\/wp\/v2\/pages\/131\/revisions"}],"up":[{"embeddable":true,"href":"https:\/\/mycnac.ca\/fr\/wp-json\/wp\/v2\/pages\/121"}],"wp:attachment":[{"href":"https:\/\/mycnac.ca\/fr\/wp-json\/wp\/v2\/media?parent=131"}],"curies":[{"name":"wp","href":"https:\/\/api.w.org\/{rel}","templated":true}]}}